{"id":250,"date":"2009-03-16T09:23:35","date_gmt":"2009-03-16T08:23:35","guid":{"rendered":"http:\/\/la-volpiliere.com\/blog\/?page_id=250"},"modified":"2013-04-19T11:35:33","modified_gmt":"2013-04-19T10:35:33","slug":"contact","status":"publish","type":"page","link":"https:\/\/la-volpiliere.com\/blog\/contact\/","title":{"rendered":"Contact"},"content":{"rendered":"<p style=\"text-align: center;\">Aim\u00e9e et Robert GENSOLLEN<br \/>\nLa Tarente &#8211; Chambres d&rsquo;h\u00f4tes<br \/>\nLa Volpili\u00e8re<br \/>\n48150 St-Pierre-des-Tripiers<br \/>\n04 66 44 71 54\n<\/p>\n<p>Pour nous envoyer un message :<\/p>\n<p><a><img loading=\"lazy\" decoding=\"async\" class=\"alignnone size-medium wp-image-255\" title=\"contact@la-volpiliere.com\" src=\"http:\/\/la-volpiliere.com\/blog\/wp-content\/uploads\/2009\/03\/contactla-volpilierecom.jpg\" alt=\"\" width=\"180\" height=\"23\" \/><\/a><\/p>\n<h2>Pour nous rejoindre<\/h2>\n<p><iframe loading=\"lazy\" width=\"425\" height=\"350\" frameborder=\"0\" scrolling=\"no\" marginheight=\"0\" marginwidth=\"0\" src=\"http:\/\/maps.google.fr\/maps?f=q&amp;source=s_q&amp;hl=fr&amp;geocode=&amp;q=La+Volpili%C3%A8re,+Saint-Pierre-des-Tripiers&amp;sll=48.818951,2.360243&amp;sspn=0.010173,0.01929&amp;ie=UTF8&amp;brcurrent=5,0,0&amp;ll=44.306653,3.333664&amp;spn=0.17198,0.291824&amp;z=11&amp;iwloc=A&amp;output=embed\"><\/iframe><br \/><small><a href=\"http:\/\/maps.google.fr\/maps?f=q&amp;source=embed&amp;hl=fr&amp;geocode=&amp;q=La+Volpili%C3%A8re,+Saint-Pierre-des-Tripiers&amp;sll=48.818951,2.360243&amp;sspn=0.010173,0.01929&amp;ie=UTF8&amp;brcurrent=5,0,0&amp;ll=44.306653,3.333664&amp;spn=0.17198,0.291824&amp;z=11&amp;iwloc=A\" style=\"color:#0000FF;text-align:left\" target=\"_blank\">Agrandir le plan<\/a><\/small><\/p>\n","protected":false},"excerpt":{"rendered":"<p>Aim\u00e9e et Robert GENSOLLEN La Tarente &#8211; Chambres d&rsquo;h\u00f4tes La Volpili\u00e8re 48150 St-Pierre-des-Tripiers 04 66 44 71 54 Pour nous envoyer un message : Pour nous rejoindre Agrandir le plan<\/p>\n","protected":false},"author":1,"featured_media":0,"parent":0,"menu_order":6,"comment_status":"closed","ping_status":"closed","template":"","meta":{"footnotes":""},"class_list":["post-250","page","type-page","status-publish","hentry"],"aioseo_notices":[],"_links":{"self":[{"href":"https:\/\/la-volpiliere.com\/blog\/wp-json\/wp\/v2\/pages\/250","targetHints":{"allow":["GET"]}}],"collection":[{"href":"https:\/\/la-volpiliere.com\/blog\/wp-json\/wp\/v2\/pages"}],"about":[{"href":"https:\/\/la-volpiliere.com\/blog\/wp-json\/wp\/v2\/types\/page"}],"author":[{"embeddable":true,"href":"https:\/\/la-volpiliere.com\/blog\/wp-json\/wp\/v2\/users\/1"}],"replies":[{"embeddable":true,"href":"https:\/\/la-volpiliere.com\/blog\/wp-json\/wp\/v2\/comments?post=250"}],"version-history":[{"count":25,"href":"https:\/\/la-volpiliere.com\/blog\/wp-json\/wp\/v2\/pages\/250\/revisions"}],"predecessor-version":[{"id":2163,"href":"https:\/\/la-volpiliere.com\/blog\/wp-json\/wp\/v2\/pages\/250\/revisions\/2163"}],"wp:attachment":[{"href":"https:\/\/la-volpiliere.com\/blog\/wp-json\/wp\/v2\/media?parent=250"}],"curies":[{"name":"wp","href":"https:\/\/api.w.org\/{rel}","templated":true}]}}