{"id":450,"date":"2009-08-24T19:32:32","date_gmt":"2009-08-24T18:32:32","guid":{"rendered":"http:\/\/la-volpiliere.com\/blog\/?page_id=450"},"modified":"2024-12-09T14:06:24","modified_gmt":"2024-12-09T13:06:24","slug":"chambre-dhotes","status":"publish","type":"page","link":"https:\/\/la-volpiliere.com\/blog\/chambre-dhotes\/","title":{"rendered":"Chambres d&rsquo;h\u00f4tes"},"content":{"rendered":"\n<figure class=\"wp-block-image size-medium is-style-rounded\"><a href=\"https:\/\/la-volpiliere.com\/blog\/wp-content\/uploads\/2024\/12\/WhatsApp-Image-2024-12-07-at-18.06.23.jpeg\"><img loading=\"lazy\" decoding=\"async\" width=\"600\" height=\"338\" src=\"https:\/\/la-volpiliere.com\/blog\/wp-content\/uploads\/2024\/12\/WhatsApp-Image-2024-12-07-at-18.06.23-600x338.jpeg\" alt=\"\" class=\"wp-image-3242\" srcset=\"https:\/\/la-volpiliere.com\/blog\/wp-content\/uploads\/2024\/12\/WhatsApp-Image-2024-12-07-at-18.06.23-600x338.jpeg 600w, https:\/\/la-volpiliere.com\/blog\/wp-content\/uploads\/2024\/12\/WhatsApp-Image-2024-12-07-at-18.06.23-1024x576.jpeg 1024w, https:\/\/la-volpiliere.com\/blog\/wp-content\/uploads\/2024\/12\/WhatsApp-Image-2024-12-07-at-18.06.23-768x432.jpeg 768w, https:\/\/la-volpiliere.com\/blog\/wp-content\/uploads\/2024\/12\/WhatsApp-Image-2024-12-07-at-18.06.23-1536x864.jpeg 1536w, https:\/\/la-volpiliere.com\/blog\/wp-content\/uploads\/2024\/12\/WhatsApp-Image-2024-12-07-at-18.06.23.jpeg 2048w\" sizes=\"auto, (max-width: 600px) 100vw, 600px\" \/><\/a><\/figure>\n\n\n\n<p>Chers h\u00f4tes et amis.<\/p>\n\n\n\n<p><br>En cette fin d&rsquo;ann\u00e9e 2024, nous tenons \u00e0 vous pr\u00e9venir que nous ne rouvrirons pas nos chambres d&rsquo;h\u00f4tes la saison prochaine 2025.<br>En effet, il est temps pour nous de prendre notre retraite.<br>Nous vous remercions pour toutes ces belles ann\u00e9es de rencontres, de partage, de bonheur.<br><\/p>\n\n\n\n<p>Bonnes f\u00eates de fin d&rsquo;ann\u00e9e \u00e0 tous !<br><\/p>\n\n\n\n<p>Bien amicalement.<\/p>\n\n\n\n<p>Aim\u00e9e et Robert GENSOLLEN<\/p>\n\n\n\n<figure class=\"wp-block-image size-large\"><a href=\"https:\/\/player.vimeo.com\/video\/221578051?badge=0&amp;autopause=0&amp;player_id=0&amp;app_id=58479&quot; frameborder=&quot;0&quot; allow=&quot;autoplay; picture-in-picture&quot; autoplay style=&quot;position:absolute;top:0;left:0;width:100%;height:100%;&quot; title=&quot;La Tarente  - Chambres d'h\u00f4tes&quot;\" target=\"_blank\" rel=\"noopener\"><img loading=\"lazy\" decoding=\"async\" width=\"634\" height=\"360\" src=\"https:\/\/la-volpiliere.com\/blog\/wp-content\/uploads\/2021\/05\/Video-la-volpi.png\" alt=\"\" class=\"wp-image-3171\" srcset=\"https:\/\/la-volpiliere.com\/blog\/wp-content\/uploads\/2021\/05\/Video-la-volpi.png 634w, https:\/\/la-volpiliere.com\/blog\/wp-content\/uploads\/2021\/05\/Video-la-volpi-600x341.png 600w\" sizes=\"auto, (max-width: 634px) 100vw, 634px\" \/><\/a><\/figure>\n\n\n\n<hr class=\"wp-block-separator\"\/>\n\n\n<h2>Pour nous contacter<\/h2>\n<p>Vous pouvez nous contacter par t\u00e9l\u00e9phone au 04 66 44 71 54 ou au 07 86 12 87 59, ou encore nous envoyer un message \u00e0 l&rsquo;adresse suivante :<\/p>\n<p><a><img loading=\"lazy\" decoding=\"async\" class=\"alignnone size-medium wp-image-255\" title=\"contact@la-volpiliere.com\" src=\"http:\/\/la-volpiliere.com\/blog\/wp-content\/uploads\/2009\/03\/contactla-volpilierecom.jpg\" alt=\"\" width=\"180\" height=\"23\"><\/a><\/p>\n<h2><a href=\"http:\/\/la-volpiliere.com\/blog\/wp-content\/uploads\/2010\/04\/cour-interieure.jpg\" target=\"_blank\" rel=\"noopener noreferrer\"><img loading=\"lazy\" decoding=\"async\" class=\"alignnone wp-image-873\" title=\"cour-interieure\" src=\"http:\/\/la-volpiliere.com\/blog\/wp-content\/uploads\/2010\/04\/cour-interieure.jpg\" alt=\"\" width=\"269\" height=\"180\"> <\/a><img loading=\"lazy\" decoding=\"async\" class=\"alignnone wp-image-872\" title=\"vue-densemble\" src=\"http:\/\/la-volpiliere.com\/blog\/wp-content\/uploads\/2010\/04\/vue-densemble.jpg\" alt=\"\" width=\"273\" height=\"180\"><\/h2>\n<h2>Pour nous rejoindre<\/h2>\n<p style=\"text-align: center;\">Aim\u00e9e et Robert GENSOLLEN<br>La Tarente &#8211; Chambres d&rsquo;h\u00f4tes<br>La Volpili\u00e8re<br>48150 St-Pierre-des-Tripiers<\/p>\n<p style=\"text-align: center;\">&#8212; Acc\u00e9dez \u00e0 notre <a href=\"http:\/\/la-volpiliere.com\/blog\/\" target=\"_self\" rel=\"noopener noreferrer\"><strong>BLOG<\/strong><\/a> &#8212;<\/p>\n<p style=\"text-align: center;\"><img loading=\"lazy\" decoding=\"async\" class=\"aligncenter wp-image-452\" title=\"Chambre d'h\u00f4tes La Volpili\u00e8re\" src=\"http:\/\/la-volpiliere.com\/blog\/wp-content\/uploads\/2009\/08\/img_5627.jpg\" alt=\"\" width=\"300\" height=\"200\"><\/p>\n\n\n<div class=\"wp-block-image\"><figure class=\"aligncenter size-large\"><a href=\"https:\/\/goo.gl\/maps\/xU2pnR1PvAw2ziPy5\" target=\"_blank\" rel=\"noopener\"><img loading=\"lazy\" decoding=\"async\" width=\"400\" height=\"301\" src=\"https:\/\/la-volpiliere.com\/blog\/wp-content\/uploads\/2021\/05\/Carte-Volpi.png\" alt=\"\" class=\"wp-image-3174\"\/><\/a><\/figure><\/div>\n\n\n\n<p><\/p>\n","protected":false},"excerpt":{"rendered":"<p>Chers h\u00f4tes et amis. En cette fin d&rsquo;ann\u00e9e 2024, nous tenons \u00e0 vous pr\u00e9venir que nous ne rouvrirons pas nos chambres d&rsquo;h\u00f4tes la saison prochaine 2025.En effet, il est temps pour nous de prendre notre retraite.Nous vous remercions pour toutes ces belles ann\u00e9es de rencontres, de partage, de bonheur. Bonnes f\u00eates de fin d&rsquo;ann\u00e9e \u00e0 [&hellip;]<\/p>\n","protected":false},"author":1,"featured_media":0,"parent":0,"menu_order":4,"comment_status":"closed","ping_status":"closed","template":"","meta":{"footnotes":""},"class_list":["post-450","page","type-page","status-publish","hentry"],"aioseo_notices":[],"_links":{"self":[{"href":"https:\/\/la-volpiliere.com\/blog\/wp-json\/wp\/v2\/pages\/450","targetHints":{"allow":["GET"]}}],"collection":[{"href":"https:\/\/la-volpiliere.com\/blog\/wp-json\/wp\/v2\/pages"}],"about":[{"href":"https:\/\/la-volpiliere.com\/blog\/wp-json\/wp\/v2\/types\/page"}],"author":[{"embeddable":true,"href":"https:\/\/la-volpiliere.com\/blog\/wp-json\/wp\/v2\/users\/1"}],"replies":[{"embeddable":true,"href":"https:\/\/la-volpiliere.com\/blog\/wp-json\/wp\/v2\/comments?post=450"}],"version-history":[{"count":111,"href":"https:\/\/la-volpiliere.com\/blog\/wp-json\/wp\/v2\/pages\/450\/revisions"}],"predecessor-version":[{"id":3245,"href":"https:\/\/la-volpiliere.com\/blog\/wp-json\/wp\/v2\/pages\/450\/revisions\/3245"}],"wp:attachment":[{"href":"https:\/\/la-volpiliere.com\/blog\/wp-json\/wp\/v2\/media?parent=450"}],"curies":[{"name":"wp","href":"https:\/\/api.w.org\/{rel}","templated":true}]}}